{"id":1521,"date":"2022-06-22T06:56:50","date_gmt":"2022-06-22T06:56:50","guid":{"rendered":"https:\/\/saleaway.ch\/?page_id=1521"},"modified":"2025-12-17T13:02:35","modified_gmt":"2025-12-17T13:02:35","slug":"saitenspruenge","status":"publish","type":"page","link":"https:\/\/saleaway.ch\/?page_id=1521","title":{"rendered":"Saitenspr\u00fcnge"},"content":{"rendered":"<p><div class=\"fusion-fullwidth fullwidth-box fusion-builder-row-1 fusion-flex-container nonhundred-percent-fullwidth non-hundred-percent-height-scrolling\" style=\"background-color: rgba(255,255,255,0);background-position: center center;background-repeat: no-repeat;border-width: 0px 0px 0px 0px;border-color:var(--awb-color1);border-style:solid;\" ><div class=\"fusion-builder-row fusion-row fusion-flex-align-items-flex-start\" style=\"max-width:1300px;margin-left: calc(-4% \/ 2 );margin-right: calc(-4% \/ 2 );\"><div class=\"fusion-layout-column fusion_builder_column fusion-builder-column-0 fusion_builder_column_1_1 1_1 fusion-flex-column\"><div class=\"fusion-column-wrapper fusion-flex-justify-content-flex-start fusion-content-layout-column\" style=\"background-position:left top;background-repeat:no-repeat;-webkit-background-size:cover;-moz-background-size:cover;-o-background-size:cover;background-size:cover;padding: 0px 0px 0px 0px;\"><style type=\"text\/css\">@media only screen and (max-width:1024px) {.fusion-title.fusion-title-1{margin-top:60px!important; margin-right:0px!important;margin-bottom:30px!important;margin-left:0px!important;}}@media only screen and (max-width:640px) {.fusion-title.fusion-title-1{margin-top:0px!important; margin-right:0px!important;margin-bottom:20px!important; margin-left:0px!important;}}<\/style><div class=\"fusion-title title fusion-title-1 fusion-title-center fusion-title-text fusion-title-size-one\" style=\"font-size:65px;margin-top:60px;margin-right:0px;margin-bottom:30px;margin-left:0px;\"><div class=\"title-sep-container title-sep-container-left\"><div class=\"title-sep sep-\" style=\"border-color:var(--awb-color6);\"><\/div><\/div><span class=\"awb-title-spacer\"><\/span><h1 class=\"title-heading-center fusion-responsive-typography-calculated\" style=\"margin:0;font-size:1em;--fontSize:65;line-height:1;\"><div style=\"text-align: center;\"><span style=\"color: var(--h1_typography-color); font-family: var(--h1_typography-font-family); font-size: 1em; font-style: var(--h1_typography-font-style,normal); font-weight: var(--h1_typography-font-weight); letter-spacing: var(--h1_typography-letter-spacing); text-transform: var(--h1_typography-text-transform); background-color: rgba(255, 255, 255, 0);\">Saitenspr\u00fcnge <\/span><\/div>\n<p style=\"text-align: center;\"><span style=\"color: var(--h1_typography-color); font-family: var(--h1_typography-font-family); font-size: 1em; font-style: var(--h1_typography-font-style,normal); font-weight: var(--h1_typography-font-weight); letter-spacing: var(--h1_typography-letter-spacing); text-transform: var(--h1_typography-text-transform); background-color: rgba(255, 255, 255, 0);\"> Wenn Musiker malen<\/span><\/p><\/h1><span class=\"awb-title-spacer\"><\/span><div class=\"title-sep-container title-sep-container-right\"><div class=\"title-sep sep-\" style=\"border-color:var(--awb-color6);\"><\/div><\/div><\/div><\/div><style type=\"text\/css\">.fusion-body .fusion-builder-column-0{width:100% !important;margin-top : 0px;margin-bottom : 0px;}.fusion-builder-column-0 > .fusion-column-wrapper {padding-top : 0px !important;padding-right : 0px !important;margin-right : 1.92%;padding-bottom : 0px !important;padding-left : 0px !important;margin-left : 1.92%;}@media only screen and (max-width:1024px) {.fusion-body .fusion-builder-column-0{width:100% !important;order : 0;}.fusion-builder-column-0 > .fusion-column-wrapper {margin-right : 1.92%;margin-left : 1.92%;}}@media only screen and (max-width:640px) {.fusion-body .fusion-builder-column-0{width:100% !important;order : 0;}.fusion-builder-column-0 > .fusion-column-wrapper {margin-right : 1.92%;margin-left : 1.92%;}}<\/style><\/div><\/div><style type=\"text\/css\">.fusion-body .fusion-flex-container.fusion-builder-row-1{ padding-top : 0px;margin-top : 0px;padding-right : 0px;padding-bottom : 0px;margin-bottom : 0px;padding-left : 0px;}<\/style><\/div><div class=\"fusion-fullwidth fullwidth-box fusion-builder-row-2 fusion-flex-container nonhundred-percent-fullwidth non-hundred-percent-height-scrolling\" style=\"background-color: rgba(255,255,255,0);background-position: center center;background-repeat: no-repeat;border-width: 0px 0px 0px 0px;border-color:var(--awb-color1);border-style:solid;\" ><div class=\"fusion-builder-row fusion-row fusion-flex-align-items-flex-start\" style=\"max-width:1300px;margin-left: calc(-4% \/ 2 );margin-right: calc(-4% \/ 2 );\"><div class=\"fusion-layout-column fusion_builder_column fusion-builder-column-1 fusion_builder_column_1_1 1_1 fusion-flex-column\"><div class=\"fusion-column-wrapper fusion-flex-justify-content-flex-start fusion-content-layout-column\" style=\"background-position:left top;background-repeat:no-repeat;-webkit-background-size:cover;-moz-background-size:cover;-o-background-size:cover;background-size:cover;padding: 0px 0px 0px 0px;\"><div class=\"fusion-text fusion-text-1\"><p style=\"text-align: center;\"><span style=\"font-family: Montserrat;\" data-fusion-font=\"true\" data-fusion-google-font=\"Montserrat\" data-fusion-google-variant=\"300\">B<\/span><span style=\"font-family: Montserrat; font-size: 17px;\" data-fusion-font=\"true\" data-fusion-google-font=\"Montserrat\" data-fusion-google-variant=\"200\">ei K\u00fcnstlern sei die rechte Hirnh\u00e4lfte dominant. Sagt man. Dieser Theorie widerspricht die aktuelle wissenschaftliche Literatur: Kreativit\u00e4t setze in besonderem Masse das Zusammenspiel von beiden Hirnh\u00e4lften voraus. Dann allerdings kann sich das kreative Schaffen scheinbar gleich in mehreren K\u00fcnsten \u00e4ussern.<\/span><\/p>\n<p style=\"font-family: Montserrat; font-size: 17px; text-align: center;\" data-fusion-font=\"true\" data-fusion-google-font=\"Montserrat\" data-fusion-google-variant=\"200\">Wie dem auch sei: Dass viele Musiker auch gestalterisch-malerisch talentiert und t\u00e4tig sind, ist hinl\u00e4nglich bekannt.<\/p>\n<p style=\"font-family: Montserrat; font-size: 17px; text-align: center;\" data-fusion-font=\"true\" data-fusion-google-font=\"Montserrat\" data-fusion-google-variant=\"200\">Polo Hofer \u2013 selbst Gestalter, Maler und der letzte ausgebildete Handlithograph der Schweiz \u2013 ist das schon vor zwanzig Jahren aufgefallen. Seither hatte ihn die Idee, gemeinsam mit anderen malenden Musikern eine Ausstellung auf die Beine zu stellen, nicht mehr losgelassen. Mit \u00abSaitenspr\u00fcnge \u2013 Wenn Musiker malen\u00bb gr\u00fcndete Stefanie Keusen nach seiner Idee 2016 daf\u00fcr die Plattform. Wie damals, als die Schweizer Mundartszene von der Hauptstadt aus ihre Kreise gezogen hat, lag der Fokus 2016 bei der Premiere auf der Berner Szene. Die Ausstellung zog \u00fcber 2000 Besucherinnen und Besucher aus der ganzen Schweiz an.<\/p>\n<p style=\"font-family: Montserrat; font-size: 17px; text-align: center;\" data-fusion-font=\"true\" data-fusion-google-font=\"Montserrat\" data-fusion-google-variant=\"200\">Saitenspr\u00fcnge ging im November 2018 in die zweite Runde. Eine Runde, die bei \u00fcber 3000 Musik- und Kunstfans f\u00fcr Begeisterungsst\u00fcrme sorgte und bei der sich &#8211; die Behauptung sei erlaubt &#8211; Polo Hofer, als Urheber der Idee ganz besonders gefreut h\u00e4tte: F\u00fcr Otto Waalkes war die Ausstellung im Kornhausforum die erste Schweizer Ausstellung \u00fcberhaupt. Der Deutsche Komiker, Musiker und Absolvent der Kunsthochschule Hamburg beweist sein malerisches Talent l\u00e4ngst nicht nur mit seinen Ottifanten, die \u00fcber die Landesgrenzen hinaus Kultstatus erlangten. Seine Gem\u00e4lde zeugen von gro\u00dfem k\u00fcnstlerischen- und technischen K\u00f6nnen und sorgen oft, wie k\u00f6nnte es anders sein, f\u00fcr herzhafte Lacher.<\/p>\n<p style=\"font-family: Montserrat; font-size: 17px; text-align: center;\" data-fusion-font=\"true\" data-fusion-google-font=\"Montserrat\" data-fusion-google-variant=\"200\">Die Ausstellung 2020 mit Sina, Dieter Meier uva. musste aufgrund der Pandemie verschoben werden. Umso erfolgreicher konnte sie 2022 durchgef\u00fchrt werden. Die vierte Ausstellung fand im April 2025  im Bierh\u00fcbeli Bern statt. Mit von der Partie waren Krokus Star Chris von Rohr, der Beatles Grafiker und Manfred Man Bassist Klaus Voormann. Sie finden diverse Fotos und Videos und Pressebeitr\u00e4ge auf der Website.<\/p>\n<div class=\"row\">\n<div class=\"col-lg-4\"><\/div>\n<div class=\"embed-responsive embed-responsive-21by9\"><\/div>\n<div class=\"col-lg-4\"><\/div>\n<\/div>\n<div id=\"einleitung\" class=\"collapse show\">\n<div>\n<p style=\"text-align: center;\">Polo Hofer \u2013 selbst Gestalter, Maler und der letzte ausgebildete Handlithograph der Schweiz \u2013 ist das schon vor zwanzig Jahren aufgefallen. Seither hatte ihn die Idee, gemeinsam mit anderen malenden Musikern eine Ausstellung auf die Beine zu stellen, nicht mehr losgelassen. Mit \u00abSaitenspr\u00fcnge \u2013 Wenn Musiker malen\u00bb gr\u00fcndete Stefanie Keusen nach seiner Idee 2016 daf\u00fcr die Plattform. Wie damals, als die Schweizer Mundartszene von der Hauptstadt aus ihre Kreise gezogen hat, lag der Fokus 2016 bei der Premiere auf der Berner Szene. Die Ausstellung zog \u00fcber 2000 Besucherinnen und Besucher aus der ganzen Schweiz an.<\/p>\n<p style=\"text-align: center;\">Saitenspr\u00fcnge ging im November 2018 in die zweite Runde. Eine Runde, die bei \u00fcber 3000 Musik- und Kunstfans f\u00fcr Begeisterungsst\u00fcrme sorgte und bei der sich &#8211; die Behauptung sei erlaubt &#8211; Polo Hofer, als Urheber der Idee ganz besonders gefreut h\u00e4tte: F\u00fcr Otto Waalkes war die Ausstellung im Kornhausforum die erste Schweizer Ausstellung \u00fcberhaupt. Der Deutsche Komiker, Musiker und Absolvent der Kunsthochschule Hamburg beweist sein malerisches Talent l\u00e4ngst nicht nur mit seinen Ottifanten, die \u00fcber die Landesgrenzen hinaus Kultstatus erlangten. Seine Gem\u00e4lde zeugen von gro\u00dfem k\u00fcnstlerischen- und technischen K\u00f6nnen und sorgen oft, wie k\u00f6nnte es anders sein, f\u00fcr herzhafte Lacher.<\/p>\n<p>Die Ausstellung 2020 mit Sina, Dieter Meier uva. musste aufgrund der Pandemie verschoben werden. Stellvertretend lassen sich malende Musikerinnen und Musiker 365 Tage auf unserer Onlineplattform entdecken, deren Bilder bestaunen und virtuell an die eigenen W\u00e4nde h\u00e4ngen oder selbstverst\u00e4ndlich auch kaufen. Wir w\u00fcnschen Ihnen dabei viel Vergn\u00fcgen und viel Inspiration!<\/p>\n<\/div>\n<\/div>\n<\/div><\/div><style type=\"text\/css\">.fusion-body .fusion-builder-column-1{width:100% !important;margin-top : 0px;margin-bottom : 0px;}.fusion-builder-column-1 > .fusion-column-wrapper {padding-top : 0px !important;padding-right : 0px !important;margin-right : 1.92%;padding-bottom : 0px !important;padding-left : 0px !important;margin-left : 1.92%;}@media only screen and (max-width:1024px) {.fusion-body .fusion-builder-column-1{width:100% !important;order : 0;}.fusion-builder-column-1 > .fusion-column-wrapper {margin-right : 1.92%;margin-left : 1.92%;}}@media only screen and (max-width:640px) {.fusion-body .fusion-builder-column-1{width:100% !important;order : 0;}.fusion-builder-column-1 > .fusion-column-wrapper {margin-right : 1.92%;margin-left : 1.92%;}}<\/style><\/div><\/div><style type=\"text\/css\">.fusion-body .fusion-flex-container.fusion-builder-row-2{ padding-top : 0px;margin-top : 0px;padding-right : 0px;padding-bottom : 0px;margin-bottom : 0px;padding-left : 0px;}<\/style><\/div><div class=\"fusion-fullwidth fullwidth-box fusion-builder-row-3 fusion-flex-container nonhundred-percent-fullwidth non-hundred-percent-height-scrolling\" style=\"background-color: rgba(255,255,255,0);background-position: center center;background-repeat: no-repeat;border-width: 0px 0px 0px 0px;border-color:var(--awb-color1);border-style:solid;\" ><div class=\"fusion-builder-row fusion-row fusion-flex-align-items-flex-start\" style=\"max-width:1300px;margin-left: calc(-4% \/ 2 );margin-right: calc(-4% \/ 2 );\"><div class=\"fusion-layout-column fusion_builder_column fusion-builder-column-2 fusion_builder_column_1_1 1_1 fusion-flex-column\"><div class=\"fusion-column-wrapper fusion-flex-justify-content-flex-start fusion-content-layout-column\" style=\"background-position:left top;background-blend-mode: overlay;background-repeat:no-repeat;-webkit-background-size:cover;-moz-background-size:cover;-o-background-size:cover;background-size:cover;padding: 0px 0px 0px 0px;\"><div class=\"fusion-text fusion-text-2\"><h1 class=\"fusion-responsive-typography-calculated\" style=\"font-size: 106px; --fontsize: 106; line-height: 1;\" data-fusion-font=\"true\" data-fontsize=\"106\" data-lineheight=\"106px\"><\/h1>\n<div class=\"mb-5\">\n<div class=\"row\">\n<div class=\"col-lg-4\"><\/div>\n<div class=\"embed-responsive embed-responsive-21by9\"><img class=\"lazyload aligncenter wp-image-1368 size-full\" style=\"background-color: rgba(255, 255, 255, 0); color: var(--body_typography-color); font-family: var(--body_typography-font-family); font-size: var(--body_typography-font-size); font-style: var(--body_typography-font-style,normal); font-weight: var(--body_typography-font-weight); letter-spacing: var(--body_typography-letter-spacing);\" src=\"https:\/\/saleaway.ch\/wp-content\/uploads\/2022\/05\/Saitenspru\u00a6enge_2022_Plakat_Internet_Vorankuendigung.jpg\" data-orig-src=\"https:\/\/saleaway.ch\/wp-content\/uploads\/2022\/05\/Saitenspru\u00a6enge_2022_Plakat_Internet_Vorankuendigung.jpg\" alt=\"\" width=\"707\" height=\"1000\" srcset=\"data:image\/svg+xml,%3Csvg%20xmlns%3D%27http%3A%2F%2Fwww.w3.org%2F2000%2Fsvg%27%20width%3D%27707%27%20height%3D%271000%27%20viewBox%3D%270%200%20707%201000%27%3E%3Crect%20width%3D%27707%27%20height%3D%271000%27%20fill-opacity%3D%220%22%2F%3E%3C%2Fsvg%3E\" data-srcset=\"https:\/\/saleaway.ch\/wp-content\/uploads\/2022\/05\/Saitenspru\u00a6enge_2022_Plakat_Internet_Vorankuendigung-200x283.jpg 200w, https:\/\/saleaway.ch\/wp-content\/uploads\/2022\/05\/Saitenspru\u00a6enge_2022_Plakat_Internet_Vorankuendigung-212x300.jpg 212w, https:\/\/saleaway.ch\/wp-content\/uploads\/2022\/05\/Saitenspru\u00a6enge_2022_Plakat_Internet_Vorankuendigung-400x566.jpg 400w, https:\/\/saleaway.ch\/wp-content\/uploads\/2022\/05\/Saitenspru\u00a6enge_2022_Plakat_Internet_Vorankuendigung-600x849.jpg 600w, https:\/\/saleaway.ch\/wp-content\/uploads\/2022\/05\/Saitenspru\u00a6enge_2022_Plakat_Internet_Vorankuendigung.jpg 707w\" data-sizes=\"auto\" data-orig-sizes=\"(max-width: 707px) 100vw, 707px\" \/><\/div>\n<div class=\"embed-responsive embed-responsive-21by9\">\n<p style=\"text-align: center;\">\n<\/div>\n<div class=\"col-lg-4\"><\/div>\n<\/div>\n<div id=\"einleitung\" class=\"collapse show\">\n<div>\n<p>Polo Hofer \u2013 selbst Gestalter, Maler und der letzte ausgebildete Handlithograph der Schweiz \u2013 ist das schon vor zwanzig Jahren aufgefallen. Seither hatte ihn die Idee, gemeinsam mit anderen malenden Musikern eine Ausstellung auf die Beine zu stellen, nicht mehr losgelassen. Mit \u00abSaitenspr\u00fcnge \u2013 Wenn Musiker malen\u00bb gr\u00fcndete Stefanie Keusen nach seiner Idee 2016 daf\u00fcr die Plattform. Wie damals, als die Schweizer Mundartszene von der Hauptstadt aus ihre Kreise gezogen hat, lag der Fokus 2016 bei der Premiere auf der Berner Szene. Die Ausstellung zog \u00fcber 2000 Besucherinnen und Besucher aus der ganzen Schweiz an.<\/p>\n<p>Saitenspr\u00fcnge ging im November 2018 in die zweite Runde. Eine Runde, die bei \u00fcber 3000 Musik- und Kunstfans f\u00fcr Begeisterungsst\u00fcrme sorgte und bei der sich &#8211; die Behauptung sei erlaubt &#8211; Polo Hofer, als Urheber der Idee ganz besonders gefreut h\u00e4tte: F\u00fcr Otto Waalkes war die Ausstellung im Kornhausforum die erste Schweizer Ausstellung \u00fcberhaupt. Der Deutsche Komiker, Musiker und Absolvent der Kunsthochschule Hamburg beweist sein malerisches Talent l\u00e4ngst nicht nur mit seinen Ottifanten, die \u00fcber die Landesgrenzen hinaus Kultstatus erlangten. Seine Gem\u00e4lde zeugen von gro\u00dfem k\u00fcnstlerischen- und technischen K\u00f6nnen und sorgen oft, wie k\u00f6nnte es anders sein, f\u00fcr herzhafte Lacher.<\/p>\n<p>Die Ausstellung 2020 mit Sina, Dieter Meier uva. musste aufgrund der Pandemie verschoben werden. Stellvertretend lassen sich malende Musikerinnen und Musiker 365 Tage auf unserer Onlineplattform entdecken, deren Bilder bestaunen und virtuell an die eigenen W\u00e4nde h\u00e4ngen oder selbstverst\u00e4ndlich auch kaufen. Wir w\u00fcnschen Ihnen dabei viel Vergn\u00fcgen und viel Inspiration!<\/p>\n<\/div>\n<\/div>\n<\/div>\n<\/div><\/div><style type=\"text\/css\">.fusion-body .fusion-builder-column-2{width:100% !important;margin-top : 0px;margin-bottom : 0px;}.fusion-builder-column-2 > .fusion-column-wrapper {padding-top : 0px !important;padding-right : 0px !important;margin-right : 1.92%;padding-bottom : 0px !important;padding-left : 0px !important;margin-left : 1.92%;}@media only screen and (max-width:1024px) {.fusion-body .fusion-builder-column-2{width:100% !important;}.fusion-builder-column-2 > .fusion-column-wrapper {margin-right : 1.92%;margin-left : 1.92%;}}@media only screen and (max-width:640px) {.fusion-body .fusion-builder-column-2{width:100% !important;}.fusion-builder-column-2 > .fusion-column-wrapper {margin-right : 1.92%;margin-left : 1.92%;}}<\/style><\/div><\/div><style type=\"text\/css\">.fusion-body .fusion-flex-container.fusion-builder-row-3{ padding-top : 0px;margin-top : 0px;padding-right : 0px;padding-bottom : 0px;margin-bottom : 0px;padding-left : 0px;}<\/style><\/div><div class=\"fusion-fullwidth fullwidth-box fusion-builder-row-4 fusion-flex-container nonhundred-percent-fullwidth non-hundred-percent-height-scrolling\" style=\"background-color: rgba(255,255,255,0);background-position: center center;background-repeat: no-repeat;border-width: 0px 0px 0px 0px;border-color:var(--awb-color1);border-style:solid;\" ><div class=\"fusion-builder-row fusion-row fusion-flex-align-items-flex-start\" style=\"max-width:1300px;margin-left: calc(-4% \/ 2 );margin-right: calc(-4% \/ 2 );\"><div class=\"fusion-layout-column fusion_builder_column fusion-builder-column-3 fusion_builder_column_1_1 1_1 fusion-flex-column\"><div class=\"fusion-column-wrapper fusion-flex-justify-content-flex-start fusion-content-layout-column\" style=\"background-position:left top;background-repeat:no-repeat;-webkit-background-size:cover;-moz-background-size:cover;-o-background-size:cover;background-size:cover;padding: 0px 0px 0px 0px;\"><div class=\"fusion-text fusion-text-3\" style=\"color:var(--awb-color1);\"><h2 style=\"text-align: center;\"><a style=\"color: #5e8f96;\" href=\"http:\/\/www.wennmusikermalen.ch\">www.wennmusikermalen.ch<\/a><\/h2>\n<\/div><\/div><style type=\"text\/css\">.fusion-body .fusion-builder-column-3{width:100% !important;margin-top : 0px;margin-bottom : 0px;}.fusion-builder-column-3 > .fusion-column-wrapper {padding-top : 0px !important;padding-right : 0px !important;margin-right : 1.92%;padding-bottom : 0px !important;padding-left : 0px !important;margin-left : 1.92%;}@media only screen and (max-width:1024px) {.fusion-body .fusion-builder-column-3{width:100% !important;order : 0;}.fusion-builder-column-3 > .fusion-column-wrapper {margin-right : 1.92%;margin-left : 1.92%;}}@media only screen and (max-width:640px) {.fusion-body .fusion-builder-column-3{width:100% !important;order : 0;}.fusion-builder-column-3 > .fusion-column-wrapper {margin-right : 1.92%;margin-left : 1.92%;}}<\/style><\/div><div class=\"fusion-layout-column fusion_builder_column fusion-builder-column-4 fusion_builder_column_1_4 1_4 fusion-flex-column\"><div class=\"fusion-column-wrapper fusion-flex-justify-content-flex-start fusion-content-layout-column\" style=\"background-position:left top;background-repeat:no-repeat;-webkit-background-size:cover;-moz-background-size:cover;-o-background-size:cover;background-size:cover;padding: 0px 0px 0px 0px;\"><\/div><style type=\"text\/css\">.fusion-body .fusion-builder-column-4{width:25% !important;margin-top : 0px;margin-bottom : 0px;}.fusion-builder-column-4 > .fusion-column-wrapper {padding-top : 0px !important;padding-right : 0px !important;margin-right : 7.68%;padding-bottom : 0px !important;padding-left : 0px !important;margin-left : 7.68%;}@media only screen and (max-width:1024px) {.fusion-body .fusion-builder-column-4{width:100% !important;order : 0;}.fusion-builder-column-4 > .fusion-column-wrapper {margin-right : 1.92%;margin-left : 1.92%;}}@media only screen and (max-width:640px) {.fusion-body .fusion-builder-column-4{width:100% !important;order : 0;}.fusion-builder-column-4 > .fusion-column-wrapper {margin-right : 1.92%;margin-left : 1.92%;}}<\/style><\/div><div class=\"fusion-layout-column fusion_builder_column fusion-builder-column-5 fusion_builder_column_1_2 1_2 fusion-flex-column\"><div class=\"fusion-column-wrapper fusion-flex-justify-content-flex-start fusion-content-layout-column\" style=\"background-position:left top;background-repeat:no-repeat;-webkit-background-size:cover;-moz-background-size:cover;-o-background-size:cover;background-size:cover;padding: 0px 0px 0px 0px;\"><div class=\"fusion-video fusion-youtube\" style=\"max-width:600px;max-height:360px;\"><div class=\"video-shortcode\"><lite-youtube videoid=\"RS5y4le4ir8\" params=\"wmode=transparent&autoplay=1\" title=\"YouTube video player 1\"><\/lite-youtube><\/div><\/div><\/div><style type=\"text\/css\">.fusion-body .fusion-builder-column-5{width:50% !important;margin-top : 0px;margin-bottom : 0px;}.fusion-builder-column-5 > .fusion-column-wrapper {padding-top : 0px !important;padding-right : 0px !important;margin-right : 3.84%;padding-bottom : 0px !important;padding-left : 0px !important;margin-left : 3.84%;}@media only screen and (max-width:1024px) {.fusion-body .fusion-builder-column-5{width:100% !important;order : 0;}.fusion-builder-column-5 > .fusion-column-wrapper {margin-right : 1.92%;margin-left : 1.92%;}}@media only screen and (max-width:640px) {.fusion-body .fusion-builder-column-5{width:100% !important;order : 0;}.fusion-builder-column-5 > .fusion-column-wrapper {margin-right : 1.92%;margin-left : 1.92%;}}<\/style><\/div><div class=\"fusion-layout-column fusion_builder_column fusion-builder-column-6 fusion_builder_column_1_4 1_4 fusion-flex-column\"><div class=\"fusion-column-wrapper fusion-flex-justify-content-flex-start fusion-content-layout-column\" style=\"background-position:left top;background-repeat:no-repeat;-webkit-background-size:cover;-moz-background-size:cover;-o-background-size:cover;background-size:cover;padding: 0px 0px 0px 0px;\"><\/div><style type=\"text\/css\">.fusion-body .fusion-builder-column-6{width:25% !important;margin-top : 0px;margin-bottom : 0px;}.fusion-builder-column-6 > .fusion-column-wrapper {padding-top : 0px !important;padding-right : 0px !important;margin-right : 7.68%;padding-bottom : 0px !important;padding-left : 0px !important;margin-left : 7.68%;}@media only screen and (max-width:1024px) {.fusion-body .fusion-builder-column-6{width:100% !important;order : 0;}.fusion-builder-column-6 > .fusion-column-wrapper {margin-right : 1.92%;margin-left : 1.92%;}}@media only screen and (max-width:640px) {.fusion-body .fusion-builder-column-6{width:100% !important;order : 0;}.fusion-builder-column-6 > .fusion-column-wrapper {margin-right : 1.92%;margin-left : 1.92%;}}<\/style><\/div><\/div><style type=\"text\/css\">.fusion-body .fusion-flex-container.fusion-builder-row-4{ padding-top : 0px;margin-top : 0px;padding-right : 0px;padding-bottom : 0px;margin-bottom : 0px;padding-left : 0px;}<\/style><\/div><\/p>\n","protected":false},"excerpt":{"rendered":"","protected":false},"author":1,"featured_media":0,"parent":0,"menu_order":0,"comment_status":"closed","ping_status":"closed","template":"","meta":[],"_links":{"self":[{"href":"https:\/\/saleaway.ch\/index.php?rest_route=\/wp\/v2\/pages\/1521"}],"collection":[{"href":"https:\/\/saleaway.ch\/index.php?rest_route=\/wp\/v2\/pages"}],"about":[{"href":"https:\/\/saleaway.ch\/index.php?rest_route=\/wp\/v2\/types\/page"}],"author":[{"embeddable":true,"href":"https:\/\/saleaway.ch\/index.php?rest_route=\/wp\/v2\/users\/1"}],"replies":[{"embeddable":true,"href":"https:\/\/saleaway.ch\/index.php?rest_route=%2Fwp%2Fv2%2Fcomments&post=1521"}],"version-history":[{"count":20,"href":"https:\/\/saleaway.ch\/index.php?rest_route=\/wp\/v2\/pages\/1521\/revisions"}],"predecessor-version":[{"id":1623,"href":"https:\/\/saleaway.ch\/index.php?rest_route=\/wp\/v2\/pages\/1521\/revisions\/1623"}],"wp:attachment":[{"href":"https:\/\/saleaway.ch\/index.php?rest_route=%2Fwp%2Fv2%2Fmedia&parent=1521"}],"curies":[{"name":"wp","href":"https:\/\/api.w.org\/{rel}","templated":true}]}}